{"id":3125,"date":"2025-04-17T15:39:33","date_gmt":"2025-04-17T13:39:33","guid":{"rendered":"https:\/\/espace-nadeshiko.fr\/fr\/?page_id=3125"},"modified":"2026-04-27T15:56:33","modified_gmt":"2026-04-27T13:56:33","slug":"newsletter","status":"publish","type":"page","link":"https:\/\/espace-nadeshiko.fr\/fr\/newsletter\/","title":{"rendered":"Newsletter"},"content":{"rendered":"\t\t<div data-elementor-type=\"wp-page\" data-elementor-id=\"3125\" class=\"elementor elementor-3125\">\n\t\t\t\t\t\t<section class=\"elementor-section elementor-top-section elementor-element elementor-element-8d18eb0 elementor-section-boxed elementor-section-height-default elementor-section-height-default\" data-id=\"8d18eb0\" data-element_type=\"section\">\n\t\t\t\t\t\t<div class=\"elementor-container elementor-column-gap-default\">\n\t\t\t\t\t<div class=\"elementor-column elementor-col-100 elementor-top-column elementor-element elementor-element-51c37ad\" data-id=\"51c37ad\" data-element_type=\"column\">\n\t\t\t<div class=\"elementor-widget-wrap elementor-element-populated\">\n\t\t\t\t\t\t<div class=\"elementor-element elementor-element-090853d elementor-widget elementor-widget-heading\" data-id=\"090853d\" data-element_type=\"widget\" data-widget_type=\"heading.default\">\n\t\t\t\t<div class=\"elementor-widget-container\">\n\t\t\t<h2 class=\"elementor-heading-title elementor-size-default\">Newsletter \/ Espace Nadeshiko<\/h2>\t\t<\/div>\n\t\t\t\t<\/div>\n\t\t\t\t\t<\/div>\n\t\t<\/div>\n\t\t\t\t\t<\/div>\n\t\t<\/section>\n\t\t\t\t<section class=\"elementor-section elementor-top-section elementor-element elementor-element-30e4b13 elementor-section-boxed elementor-section-height-default elementor-section-height-default\" data-id=\"30e4b13\" data-element_type=\"section\">\n\t\t\t\t\t\t<div class=\"elementor-container elementor-column-gap-default\">\n\t\t\t\t\t<div class=\"elementor-column elementor-col-100 elementor-top-column elementor-element elementor-element-3dec240\" data-id=\"3dec240\" data-element_type=\"column\">\n\t\t\t<div class=\"elementor-widget-wrap\">\n\t\t\t\t\t\t\t<\/div>\n\t\t<\/div>\n\t\t\t\t\t<\/div>\n\t\t<\/section>\n\t\t\t\t<section class=\"elementor-section elementor-top-section elementor-element elementor-element-1b8f840 elementor-section-boxed elementor-section-height-default elementor-section-height-default\" data-id=\"1b8f840\" data-element_type=\"section\">\n\t\t\t\t\t\t<div class=\"elementor-container elementor-column-gap-default\">\n\t\t\t\t\t<div class=\"elementor-column elementor-col-100 elementor-top-column elementor-element elementor-element-fba190c\" data-id=\"fba190c\" data-element_type=\"column\">\n\t\t\t<div class=\"elementor-widget-wrap elementor-element-populated\">\n\t\t\t\t\t\t<div class=\"elementor-element elementor-element-2d95e63 elementor-widget elementor-widget-text-editor\" data-id=\"2d95e63\" data-element_type=\"widget\" data-widget_type=\"text-editor.default\">\n\t\t\t\t<div class=\"elementor-widget-container\">\n\t\t\t\t\t\t\t<p>Espace Nadeshiko donne des cours de japonais &#8221;&nbsp;<a href=\"https:\/\/espace-nadeshiko.fr\/fr\/cours-collectif-de-japonais-adultes\/\">Cours Groupe Adultes&#8221;<\/a> , <a href=\"https:\/\/espace-nadeshiko.fr\/fr\/cours-collectif-de-japonais-ados\/\">&#8221; Cours Groupe Ados<\/a>&#8221; , <a href=\"https:\/\/espace-nadeshiko.fr\/fr\/cours-particuliers-de-japonais\/\">&#8220;Cours Particulier&#8221; , <\/a><a href=\"https:\/\/espace-nadeshiko.fr\/fr\/formation-professionnelle-de-japonais-cpf\/\">&#8220;Formation CPF&#8221;<\/a> dans le 15\u00e8me arrondissement de Paris.<\/p>\t\t\t\t\t\t<\/div>\n\t\t\t\t<\/div>\n\t\t\t\t\t<\/div>\n\t\t<\/div>\n\t\t\t\t\t<\/div>\n\t\t<\/section>\n\t\t\t\t<section class=\"elementor-section elementor-top-section elementor-element elementor-element-bb91a92 elementor-section-boxed elementor-section-height-default elementor-section-height-default\" data-id=\"bb91a92\" data-element_type=\"section\">\n\t\t\t\t\t\t<div class=\"elementor-container elementor-column-gap-default\">\n\t\t\t\t\t<div class=\"elementor-column elementor-col-100 elementor-top-column elementor-element elementor-element-cc1514d\" data-id=\"cc1514d\" data-element_type=\"column\">\n\t\t\t<div class=\"elementor-widget-wrap elementor-element-populated\">\n\t\t\t\t\t\t<div class=\"elementor-element elementor-element-9465fd9 elementor-widget elementor-widget-image\" data-id=\"9465fd9\" data-element_type=\"widget\" data-widget_type=\"image.default\">\n\t\t\t\t<div class=\"elementor-widget-container\">\n\t\t\t\t\t\t\t\t\t\t\t\t\t<img fetchpriority=\"high\" decoding=\"async\" width=\"724\" height=\"1024\" src=\"https:\/\/espace-nadeshiko.fr\/fr\/wp-content\/uploads\/2026\/04\/1-724x1024.jpg\" class=\"attachment-large size-large wp-image-3875\" alt=\"\" srcset=\"https:\/\/espace-nadeshiko.fr\/fr\/wp-content\/uploads\/2026\/04\/1-724x1024.jpg 724w, https:\/\/espace-nadeshiko.fr\/fr\/wp-content\/uploads\/2026\/04\/1-212x300.jpg 212w, https:\/\/espace-nadeshiko.fr\/fr\/wp-content\/uploads\/2026\/04\/1-768x1086.jpg 768w, https:\/\/espace-nadeshiko.fr\/fr\/wp-content\/uploads\/2026\/04\/1-1086x1536.jpg 1086w, https:\/\/espace-nadeshiko.fr\/fr\/wp-content\/uploads\/2026\/04\/1.jpg 1414w\" sizes=\"(max-width: 724px) 100vw, 724px\" \/>\t\t\t\t\t\t\t\t\t\t\t\t\t<\/div>\n\t\t\t\t<\/div>\n\t\t\t\t\t<\/div>\n\t\t<\/div>\n\t\t\t\t\t<\/div>\n\t\t<\/section>\n\t\t\t\t<section class=\"elementor-section elementor-top-section elementor-element elementor-element-efacfb3 elementor-section-boxed elementor-section-height-default elementor-section-height-default\" data-id=\"efacfb3\" data-element_type=\"section\">\n\t\t\t\t\t\t<div class=\"elementor-container elementor-column-gap-default\">\n\t\t\t\t\t<div class=\"elementor-column elementor-col-100 elementor-top-column elementor-element elementor-element-5ab7dce\" data-id=\"5ab7dce\" data-element_type=\"column\">\n\t\t\t<div class=\"elementor-widget-wrap elementor-element-populated\">\n\t\t\t\t\t\t<div class=\"elementor-element elementor-element-2c8f5be elementor-widget elementor-widget-image\" data-id=\"2c8f5be\" data-element_type=\"widget\" data-widget_type=\"image.default\">\n\t\t\t\t<div class=\"elementor-widget-container\">\n\t\t\t\t\t\t\t\t\t\t\t\t\t<img decoding=\"async\" width=\"724\" height=\"1024\" src=\"https:\/\/espace-nadeshiko.fr\/fr\/wp-content\/uploads\/2026\/04\/2-724x1024.jpg\" class=\"attachment-large size-large wp-image-3874\" alt=\"\" srcset=\"https:\/\/espace-nadeshiko.fr\/fr\/wp-content\/uploads\/2026\/04\/2-724x1024.jpg 724w, https:\/\/espace-nadeshiko.fr\/fr\/wp-content\/uploads\/2026\/04\/2-212x300.jpg 212w, https:\/\/espace-nadeshiko.fr\/fr\/wp-content\/uploads\/2026\/04\/2-768x1086.jpg 768w, https:\/\/espace-nadeshiko.fr\/fr\/wp-content\/uploads\/2026\/04\/2-1086x1536.jpg 1086w, https:\/\/espace-nadeshiko.fr\/fr\/wp-content\/uploads\/2026\/04\/2.jpg 1414w\" sizes=\"(max-width: 724px) 100vw, 724px\" \/>\t\t\t\t\t\t\t\t\t\t\t\t\t<\/div>\n\t\t\t\t<\/div>\n\t\t\t\t\t<\/div>\n\t\t<\/div>\n\t\t\t\t\t<\/div>\n\t\t<\/section>\n\t\t\t\t<section class=\"elementor-section elementor-top-section elementor-element elementor-element-eedfdde elementor-section-boxed elementor-section-height-default elementor-section-height-default\" data-id=\"eedfdde\" data-element_type=\"section\">\n\t\t\t\t\t\t<div class=\"elementor-container elementor-column-gap-default\">\n\t\t\t\t\t<div class=\"elementor-column elementor-col-100 elementor-top-column elementor-element elementor-element-e8553aa\" data-id=\"e8553aa\" data-element_type=\"column\">\n\t\t\t<div class=\"elementor-widget-wrap elementor-element-populated\">\n\t\t\t\t\t\t<div class=\"elementor-element elementor-element-bb8b6b4 elementor-widget elementor-widget-image\" data-id=\"bb8b6b4\" data-element_type=\"widget\" data-widget_type=\"image.default\">\n\t\t\t\t<div class=\"elementor-widget-container\">\n\t\t\t\t\t\t\t\t\t\t\t\t\t<img decoding=\"async\" width=\"724\" height=\"1024\" src=\"https:\/\/espace-nadeshiko.fr\/fr\/wp-content\/uploads\/2026\/04\/3-724x1024.jpg\" class=\"attachment-large size-large wp-image-3873\" alt=\"\" srcset=\"https:\/\/espace-nadeshiko.fr\/fr\/wp-content\/uploads\/2026\/04\/3-724x1024.jpg 724w, https:\/\/espace-nadeshiko.fr\/fr\/wp-content\/uploads\/2026\/04\/3-212x300.jpg 212w, https:\/\/espace-nadeshiko.fr\/fr\/wp-content\/uploads\/2026\/04\/3-768x1086.jpg 768w, https:\/\/espace-nadeshiko.fr\/fr\/wp-content\/uploads\/2026\/04\/3-1086x1536.jpg 1086w, https:\/\/espace-nadeshiko.fr\/fr\/wp-content\/uploads\/2026\/04\/3.jpg 1414w\" sizes=\"(max-width: 724px) 100vw, 724px\" \/>\t\t\t\t\t\t\t\t\t\t\t\t\t<\/div>\n\t\t\t\t<\/div>\n\t\t\t\t\t<\/div>\n\t\t<\/div>\n\t\t\t\t\t<\/div>\n\t\t<\/section>\n\t\t\t\t<section class=\"elementor-section elementor-top-section elementor-element elementor-element-5cdd654 elementor-section-boxed elementor-section-height-default elementor-section-height-default\" data-id=\"5cdd654\" data-element_type=\"section\">\n\t\t\t\t\t\t<div class=\"elementor-container elementor-column-gap-default\">\n\t\t\t\t\t<div class=\"elementor-column elementor-col-100 elementor-top-column elementor-element elementor-element-4a68170\" data-id=\"4a68170\" data-element_type=\"column\">\n\t\t\t<div class=\"elementor-widget-wrap elementor-element-populated\">\n\t\t\t\t\t\t\t<\/div>\n\t\t<\/div>\n\t\t\t\t\t<\/div>\n\t\t<\/section>\n\t\t\t\t<\/div>\n\t\t","protected":false},"excerpt":{"rendered":"<p>Newsletter \/ Espace Nadeshiko Espace Nadeshiko donne des cours de japonais &#8221;&nbsp;Cours Groupe Adultes&#038;# [&hellip;]<\/p>\n","protected":false},"author":1,"featured_media":0,"parent":0,"menu_order":0,"comment_status":"closed","ping_status":"closed","template":"","meta":{"site-sidebar-layout":"no-sidebar","site-content-layout":"page-builder","ast-site-content-layout":"full-width-container","site-content-style":"default","site-sidebar-style":"default","ast-global-header-display":"","ast-banner-title-visibility":"","ast-main-header-display":"","ast-hfb-above-header-display":"","ast-hfb-below-header-display":"","ast-hfb-mobile-header-display":"","site-post-title":"disabled","ast-breadcrumbs-content":"","ast-featured-img":"disabled","footer-sml-layout":"","theme-transparent-header-meta":"","adv-header-id-meta":"","stick-header-meta":"","header-above-stick-meta":"","header-main-stick-meta":"","header-below-stick-meta":"","astra-migrate-meta-layouts":"set","ast-page-background-enabled":"default","ast-page-background-meta":{"desktop":{"background-color":"","background-image":"","background-repeat":"repeat","background-position":"center center","background-size":"auto","background-attachment":"scroll","background-type":"","background-media":"","overlay-type":"","overlay-color":"","overlay-opacity":"","overlay-gradient":""},"tablet":{"background-color":"","background-image":"","background-repeat":"repeat","background-position":"center center","background-size":"auto","background-attachment":"scroll","background-type":"","background-media":"","overlay-type":"","overlay-color":"","overlay-opacity":"","overlay-gradient":""},"mobile":{"background-color":"","background-image":"","background-repeat":"repeat","background-position":"center center","background-size":"auto","background-attachment":"scroll","background-type":"","background-media":"","overlay-type":"","overlay-color":"","overlay-opacity":"","overlay-gradient":""}},"ast-content-background-meta":{"desktop":{"background-color":"var(--ast-global-color-5)","background-image":"","background-repeat":"repeat","background-position":"center center","background-size":"auto","background-attachment":"scroll","background-type":"","background-media":"","overlay-type":"","overlay-color":"","overlay-opacity":"","overlay-gradient":""},"tablet":{"background-color":"var(--ast-global-color-5)","background-image":"","background-repeat":"repeat","background-position":"center center","background-size":"auto","background-attachment":"scroll","background-type":"","background-media":"","overlay-type":"","overlay-color":"","overlay-opacity":"","overlay-gradient":""},"mobile":{"background-color":"var(--ast-global-color-5)","background-image":"","background-repeat":"repeat","background-position":"center center","background-size":"auto","background-attachment":"scroll","background-type":"","background-media":"","overlay-type":"","overlay-color":"","overlay-opacity":"","overlay-gradient":""}},"footnotes":""},"class_list":["post-3125","page","type-page","status-publish","hentry"],"yoast_head":"<!-- This site is optimized with the Yoast SEO plugin v23.7 - https:\/\/yoast.com\/wordpress\/plugins\/seo\/ -->\n<title>Newsletter | Espace Nadeshiko<\/title>\n<meta name=\"description\" content=\"Vous souhaitez apprendre le japonais \u00e0 Paris 15\u00e8me ? Espace Nadeshiko vous propose des cours de japonais collectif, particulier et \u00e0 domicile de qualit\u00e9 !\" \/>\n<meta name=\"robots\" content=\"index, follow, max-snippet:-1, max-image-preview:large, max-video-preview:-1\" \/>\n<link rel=\"canonical\" href=\"https:\/\/espace-nadeshiko.fr\/fr\/newsletter\/\" \/>\n<meta property=\"og:locale\" content=\"ja_JP\" \/>\n<meta property=\"og:type\" content=\"article\" \/>\n<meta property=\"og:title\" content=\"Newsletter | Espace Nadeshiko\" \/>\n<meta property=\"og:description\" content=\"Vous souhaitez apprendre le japonais \u00e0 Paris 15\u00e8me ? Espace Nadeshiko vous propose des cours de japonais collectif, particulier et \u00e0 domicile de qualit\u00e9 !\" \/>\n<meta property=\"og:url\" content=\"https:\/\/espace-nadeshiko.fr\/fr\/newsletter\/\" \/>\n<meta property=\"og:site_name\" content=\"Espace Nadeshiko\" \/>\n<meta property=\"article:modified_time\" content=\"2026-04-27T13:56:33+00:00\" \/>\n<meta property=\"og:image\" content=\"https:\/\/espace-nadeshiko.fr\/fr\/wp-content\/uploads\/2026\/04\/1.jpg\" \/>\n\t<meta property=\"og:image:width\" content=\"1414\" \/>\n\t<meta property=\"og:image:height\" content=\"2000\" \/>\n\t<meta property=\"og:image:type\" content=\"image\/jpeg\" \/>\n<meta name=\"twitter:card\" content=\"summary_large_image\" \/>\n<meta name=\"twitter:label1\" content=\"\u63a8\u5b9a\u8aad\u307f\u53d6\u308a\u6642\u9593\" \/>\n\t<meta name=\"twitter:data1\" content=\"2\u5206\" \/>\n<script type=\"application\/ld+json\" class=\"yoast-schema-graph\">{\"@context\":\"https:\/\/schema.org\",\"@graph\":[{\"@type\":\"WebPage\",\"@id\":\"https:\/\/espace-nadeshiko.fr\/fr\/newsletter\/\",\"url\":\"https:\/\/espace-nadeshiko.fr\/fr\/newsletter\/\",\"name\":\"Newsletter | Espace Nadeshiko\",\"isPartOf\":{\"@id\":\"https:\/\/espace-nadeshiko.fr\/fr\/#website\"},\"primaryImageOfPage\":{\"@id\":\"https:\/\/espace-nadeshiko.fr\/fr\/newsletter\/#primaryimage\"},\"image\":{\"@id\":\"https:\/\/espace-nadeshiko.fr\/fr\/newsletter\/#primaryimage\"},\"thumbnailUrl\":\"https:\/\/espace-nadeshiko.fr\/fr\/wp-content\/uploads\/2026\/04\/1-724x1024.jpg\",\"datePublished\":\"2025-04-17T13:39:33+00:00\",\"dateModified\":\"2026-04-27T13:56:33+00:00\",\"description\":\"Vous souhaitez apprendre le japonais \u00e0 Paris 15\u00e8me ? Espace Nadeshiko vous propose des cours de japonais collectif, particulier et \u00e0 domicile de qualit\u00e9 !\",\"breadcrumb\":{\"@id\":\"https:\/\/espace-nadeshiko.fr\/fr\/newsletter\/#breadcrumb\"},\"inLanguage\":\"ja\",\"potentialAction\":[{\"@type\":\"ReadAction\",\"target\":[\"https:\/\/espace-nadeshiko.fr\/fr\/newsletter\/\"]}]},{\"@type\":\"ImageObject\",\"inLanguage\":\"ja\",\"@id\":\"https:\/\/espace-nadeshiko.fr\/fr\/newsletter\/#primaryimage\",\"url\":\"https:\/\/espace-nadeshiko.fr\/fr\/wp-content\/uploads\/2026\/04\/1.jpg\",\"contentUrl\":\"https:\/\/espace-nadeshiko.fr\/fr\/wp-content\/uploads\/2026\/04\/1.jpg\",\"width\":1414,\"height\":2000},{\"@type\":\"BreadcrumbList\",\"@id\":\"https:\/\/espace-nadeshiko.fr\/fr\/newsletter\/#breadcrumb\",\"itemListElement\":[{\"@type\":\"ListItem\",\"position\":1,\"name\":\"Accueil\",\"item\":\"https:\/\/espace-nadeshiko.fr\/fr\/\"},{\"@type\":\"ListItem\",\"position\":2,\"name\":\"Newsletter\"}]},{\"@type\":\"WebSite\",\"@id\":\"https:\/\/espace-nadeshiko.fr\/fr\/#website\",\"url\":\"https:\/\/espace-nadeshiko.fr\/fr\/\",\"name\":\"Espace Nadeshiko\",\"description\":\"Ateliers de culture du Japon et cours de Japonais \u00e0 Paris 15\",\"publisher\":{\"@id\":\"https:\/\/espace-nadeshiko.fr\/fr\/#\/schema\/person\/9af6cd0f8dca9bfb0b78562d0d221969\"},\"potentialAction\":[{\"@type\":\"SearchAction\",\"target\":{\"@type\":\"EntryPoint\",\"urlTemplate\":\"https:\/\/espace-nadeshiko.fr\/fr\/?s={search_term_string}\"},\"query-input\":{\"@type\":\"PropertyValueSpecification\",\"valueRequired\":true,\"valueName\":\"search_term_string\"}}],\"inLanguage\":\"ja\"},{\"@type\":[\"Person\",\"Organization\"],\"@id\":\"https:\/\/espace-nadeshiko.fr\/fr\/#\/schema\/person\/9af6cd0f8dca9bfb0b78562d0d221969\",\"name\":\"Nadeshiko\",\"image\":{\"@type\":\"ImageObject\",\"inLanguage\":\"ja\",\"@id\":\"https:\/\/espace-nadeshiko.fr\/fr\/#\/schema\/person\/image\/\",\"url\":\"https:\/\/espace-nadeshiko.fr\/fr\/wp-content\/uploads\/2021\/03\/logo-nadeshiko-860.png\",\"contentUrl\":\"https:\/\/espace-nadeshiko.fr\/fr\/wp-content\/uploads\/2021\/03\/logo-nadeshiko-860.png\",\"width\":860,\"height\":162,\"caption\":\"Nadeshiko\"},\"logo\":{\"@id\":\"https:\/\/espace-nadeshiko.fr\/fr\/#\/schema\/person\/image\/\"},\"sameAs\":[\"https:\/\/espace-nadeshiko.fr\/fr\"]}]}<\/script>\n<!-- \/ Yoast SEO plugin. -->","yoast_head_json":{"title":"Newsletter | Espace Nadeshiko","description":"Vous souhaitez apprendre le japonais \u00e0 Paris 15\u00e8me ? Espace Nadeshiko vous propose des cours de japonais collectif, particulier et \u00e0 domicile de qualit\u00e9 !","robots":{"index":"index","follow":"follow","max-snippet":"max-snippet:-1","max-image-preview":"max-image-preview:large","max-video-preview":"max-video-preview:-1"},"canonical":"https:\/\/espace-nadeshiko.fr\/fr\/newsletter\/","og_locale":"ja_JP","og_type":"article","og_title":"Newsletter | Espace Nadeshiko","og_description":"Vous souhaitez apprendre le japonais \u00e0 Paris 15\u00e8me ? Espace Nadeshiko vous propose des cours de japonais collectif, particulier et \u00e0 domicile de qualit\u00e9 !","og_url":"https:\/\/espace-nadeshiko.fr\/fr\/newsletter\/","og_site_name":"Espace Nadeshiko","article_modified_time":"2026-04-27T13:56:33+00:00","og_image":[{"width":1414,"height":2000,"url":"https:\/\/espace-nadeshiko.fr\/fr\/wp-content\/uploads\/2026\/04\/1.jpg","type":"image\/jpeg"}],"twitter_card":"summary_large_image","twitter_misc":{"\u63a8\u5b9a\u8aad\u307f\u53d6\u308a\u6642\u9593":"2\u5206"},"schema":{"@context":"https:\/\/schema.org","@graph":[{"@type":"WebPage","@id":"https:\/\/espace-nadeshiko.fr\/fr\/newsletter\/","url":"https:\/\/espace-nadeshiko.fr\/fr\/newsletter\/","name":"Newsletter | Espace Nadeshiko","isPartOf":{"@id":"https:\/\/espace-nadeshiko.fr\/fr\/#website"},"primaryImageOfPage":{"@id":"https:\/\/espace-nadeshiko.fr\/fr\/newsletter\/#primaryimage"},"image":{"@id":"https:\/\/espace-nadeshiko.fr\/fr\/newsletter\/#primaryimage"},"thumbnailUrl":"https:\/\/espace-nadeshiko.fr\/fr\/wp-content\/uploads\/2026\/04\/1-724x1024.jpg","datePublished":"2025-04-17T13:39:33+00:00","dateModified":"2026-04-27T13:56:33+00:00","description":"Vous souhaitez apprendre le japonais \u00e0 Paris 15\u00e8me ? Espace Nadeshiko vous propose des cours de japonais collectif, particulier et \u00e0 domicile de qualit\u00e9 !","breadcrumb":{"@id":"https:\/\/espace-nadeshiko.fr\/fr\/newsletter\/#breadcrumb"},"inLanguage":"ja","potentialAction":[{"@type":"ReadAction","target":["https:\/\/espace-nadeshiko.fr\/fr\/newsletter\/"]}]},{"@type":"ImageObject","inLanguage":"ja","@id":"https:\/\/espace-nadeshiko.fr\/fr\/newsletter\/#primaryimage","url":"https:\/\/espace-nadeshiko.fr\/fr\/wp-content\/uploads\/2026\/04\/1.jpg","contentUrl":"https:\/\/espace-nadeshiko.fr\/fr\/wp-content\/uploads\/2026\/04\/1.jpg","width":1414,"height":2000},{"@type":"BreadcrumbList","@id":"https:\/\/espace-nadeshiko.fr\/fr\/newsletter\/#breadcrumb","itemListElement":[{"@type":"ListItem","position":1,"name":"Accueil","item":"https:\/\/espace-nadeshiko.fr\/fr\/"},{"@type":"ListItem","position":2,"name":"Newsletter"}]},{"@type":"WebSite","@id":"https:\/\/espace-nadeshiko.fr\/fr\/#website","url":"https:\/\/espace-nadeshiko.fr\/fr\/","name":"Espace Nadeshiko","description":"Ateliers de culture du Japon et cours de Japonais \u00e0 Paris 15","publisher":{"@id":"https:\/\/espace-nadeshiko.fr\/fr\/#\/schema\/person\/9af6cd0f8dca9bfb0b78562d0d221969"},"potentialAction":[{"@type":"SearchAction","target":{"@type":"EntryPoint","urlTemplate":"https:\/\/espace-nadeshiko.fr\/fr\/?s={search_term_string}"},"query-input":{"@type":"PropertyValueSpecification","valueRequired":true,"valueName":"search_term_string"}}],"inLanguage":"ja"},{"@type":["Person","Organization"],"@id":"https:\/\/espace-nadeshiko.fr\/fr\/#\/schema\/person\/9af6cd0f8dca9bfb0b78562d0d221969","name":"Nadeshiko","image":{"@type":"ImageObject","inLanguage":"ja","@id":"https:\/\/espace-nadeshiko.fr\/fr\/#\/schema\/person\/image\/","url":"https:\/\/espace-nadeshiko.fr\/fr\/wp-content\/uploads\/2021\/03\/logo-nadeshiko-860.png","contentUrl":"https:\/\/espace-nadeshiko.fr\/fr\/wp-content\/uploads\/2021\/03\/logo-nadeshiko-860.png","width":860,"height":162,"caption":"Nadeshiko"},"logo":{"@id":"https:\/\/espace-nadeshiko.fr\/fr\/#\/schema\/person\/image\/"},"sameAs":["https:\/\/espace-nadeshiko.fr\/fr"]}]}},"_links":{"self":[{"href":"https:\/\/espace-nadeshiko.fr\/fr\/wp-json\/wp\/v2\/pages\/3125"}],"collection":[{"href":"https:\/\/espace-nadeshiko.fr\/fr\/wp-json\/wp\/v2\/pages"}],"about":[{"href":"https:\/\/espace-nadeshiko.fr\/fr\/wp-json\/wp\/v2\/types\/page"}],"author":[{"embeddable":true,"href":"https:\/\/espace-nadeshiko.fr\/fr\/wp-json\/wp\/v2\/users\/1"}],"replies":[{"embeddable":true,"href":"https:\/\/espace-nadeshiko.fr\/fr\/wp-json\/wp\/v2\/comments?post=3125"}],"version-history":[{"count":112,"href":"https:\/\/espace-nadeshiko.fr\/fr\/wp-json\/wp\/v2\/pages\/3125\/revisions"}],"predecessor-version":[{"id":3884,"href":"https:\/\/espace-nadeshiko.fr\/fr\/wp-json\/wp\/v2\/pages\/3125\/revisions\/3884"}],"wp:attachment":[{"href":"https:\/\/espace-nadeshiko.fr\/fr\/wp-json\/wp\/v2\/media?parent=3125"}],"curies":[{"name":"wp","href":"https:\/\/api.w.org\/{rel}","templated":true}]}}