{"id":746,"date":"2021-03-20T11:42:44","date_gmt":"2021-03-20T10:42:44","guid":{"rendered":"http:\/\/espace-nadeshiko.fr\/fr\/?page_id=746"},"modified":"2021-04-07T13:01:02","modified_gmt":"2021-04-07T11:01:02","slug":"mentions-legales","status":"publish","type":"page","link":"https:\/\/espace-nadeshiko.fr\/fr\/mentions-legales\/","title":{"rendered":"Mentions Legales"},"content":{"rendered":"\t\t<div data-elementor-type=\"wp-page\" data-elementor-id=\"746\" class=\"elementor elementor-746\">\n\t\t\t\t\t\t<section class=\"elementor-section elementor-top-section elementor-element elementor-element-3b4a42e elementor-section-boxed elementor-section-height-default elementor-section-height-default\" data-id=\"3b4a42e\" data-element_type=\"section\" data-settings=\"{&quot;background_background&quot;:&quot;classic&quot;}\">\n\t\t\t\t\t\t<div class=\"elementor-container elementor-column-gap-default\">\n\t\t\t\t\t<div class=\"elementor-column elementor-col-16 elementor-top-column elementor-element elementor-element-8f18a01\" data-id=\"8f18a01\" data-element_type=\"column\">\n\t\t\t<div class=\"elementor-widget-wrap\">\n\t\t\t\t\t\t\t<\/div>\n\t\t<\/div>\n\t\t\t\t<div class=\"elementor-column elementor-col-66 elementor-top-column elementor-element elementor-element-9d13085\" data-id=\"9d13085\" data-element_type=\"column\">\n\t\t\t<div class=\"elementor-widget-wrap elementor-element-populated\">\n\t\t\t\t\t\t<div class=\"elementor-element elementor-element-a8060b1 elementor-widget elementor-widget-heading\" data-id=\"a8060b1\" data-element_type=\"widget\" data-widget_type=\"heading.default\">\n\t\t\t\t<div class=\"elementor-widget-container\">\n\t\t\t<h1 class=\"elementor-heading-title elementor-size-default\">Mentions L\u00e9gales \n<\/h1>\t\t<\/div>\n\t\t\t\t<\/div>\n\t\t\t\t\t<\/div>\n\t\t<\/div>\n\t\t\t\t<div class=\"elementor-column elementor-col-16 elementor-top-column elementor-element elementor-element-c136b5a\" data-id=\"c136b5a\" data-element_type=\"column\">\n\t\t\t<div class=\"elementor-widget-wrap\">\n\t\t\t\t\t\t\t<\/div>\n\t\t<\/div>\n\t\t\t\t\t<\/div>\n\t\t<\/section>\n\t\t\t\t<section class=\"elementor-section elementor-top-section elementor-element elementor-element-a993a5c elementor-section-boxed elementor-section-height-default elementor-section-height-default\" data-id=\"a993a5c\" data-element_type=\"section\" data-settings=\"{&quot;background_background&quot;:&quot;classic&quot;}\">\n\t\t\t\t\t\t<div class=\"elementor-container elementor-column-gap-default\">\n\t\t\t\t\t<div class=\"elementor-column elementor-col-16 elementor-top-column elementor-element elementor-element-1208bfd\" data-id=\"1208bfd\" data-element_type=\"column\">\n\t\t\t<div class=\"elementor-widget-wrap\">\n\t\t\t\t\t\t\t<\/div>\n\t\t<\/div>\n\t\t\t\t<div class=\"elementor-column elementor-col-66 elementor-top-column elementor-element elementor-element-df842ac\" data-id=\"df842ac\" data-element_type=\"column\">\n\t\t\t<div class=\"elementor-widget-wrap elementor-element-populated\">\n\t\t\t\t\t\t<div class=\"elementor-element elementor-element-c2b75ae elementor-widget elementor-widget-text-editor\" data-id=\"c2b75ae\" data-element_type=\"widget\" data-widget_type=\"text-editor.default\">\n\t\t\t\t<div class=\"elementor-widget-container\">\n\t\t\t\t\t\t\t<p><strong>Mentions L\u00e9gales <\/strong><strong>du site espace-nadeshiko.fr<br \/><br \/><\/strong><\/p><p>Espace Nadeshiko est une \u00e9cole de langue et de culture japonaise, situ\u00e9 \u00e0 Paris 15\u00e8me.<br \/><br \/>N\u00b0 d&#8217;organisme de formation\u00a0: 11 75 49359 75<br \/>Le site\u00a0 espace-nadeshiko.fr est \u00e9dit\u00e9 par la soci\u00e9t\u00e9 Espace Nadeshiko, soci\u00e9t\u00e9 par actions simplifi\u00e9e au capital de 30.000,00 euros, dont le si\u00e8ge social est situ\u00e9 2 bis rue Tiphaine, 75015 Paris, immatricul\u00e9e au registre du commerce et des soci\u00e9t\u00e9s sous le num\u00e9ro d\u2019identification unique Paris B 524\u00a0965\u00a0779 RCS.<\/p><p>\u00a0<\/p><p><strong>Nous contacter par email :\u00a0<a href=\"mailto:nadeshiko.yk@gmail.com\">nadeshiko.yk@gmail.com<\/a><\/strong><\/p><p><strong>Le site \u00a0espace-nadeshiko.fr est h\u00e9berg\u00e9 par la soci\u00e9t\u00e9 OVH &#8211; 2 rue Kellermann 59100 Roubaix<\/strong><\/p><p><strong>Le stockage des donn\u00e9es personnelles des Utilisateurs est exclusivement r\u00e9alis\u00e9 sur les \u00e9changes mail.<\/strong><\/p>\t\t\t\t\t\t<\/div>\n\t\t\t\t<\/div>\n\t\t\t\t\t<\/div>\n\t\t<\/div>\n\t\t\t\t<div class=\"elementor-column elementor-col-16 elementor-top-column elementor-element elementor-element-31a3a5f\" data-id=\"31a3a5f\" data-element_type=\"column\">\n\t\t\t<div class=\"elementor-widget-wrap\">\n\t\t\t\t\t\t\t<\/div>\n\t\t<\/div>\n\t\t\t\t\t<\/div>\n\t\t<\/section>\n\t\t\t\t<\/div>\n\t\t","protected":false},"excerpt":{"rendered":"<p>Mentions L\u00e9gales Mentions L\u00e9gales du site espace-nadeshiko.fr Espace Nadeshiko est une \u00e9cole de langue et de c [&hellip;]<\/p>\n","protected":false},"author":2,"featured_media":0,"parent":0,"menu_order":0,"comment_status":"closed","ping_status":"closed","template":"","meta":{"site-sidebar-layout":"no-sidebar","site-content-layout":"page-builder","ast-site-content-layout":"","site-content-style":"default","site-sidebar-style":"default","ast-global-header-display":"","ast-banner-title-visibility":"","ast-main-header-display":"","ast-hfb-above-header-display":"","ast-hfb-below-header-display":"","ast-hfb-mobile-header-display":"","site-post-title":"disabled","ast-breadcrumbs-content":"","ast-featured-img":"","footer-sml-layout":"","theme-transparent-header-meta":"default","adv-header-id-meta":"","stick-header-meta":"","header-above-stick-meta":"","header-main-stick-meta":"","header-below-stick-meta":"","astra-migrate-meta-layouts":"default","ast-page-background-enabled":"default","ast-page-background-meta":{"desktop":{"background-color":"","background-image":"","background-repeat":"repeat","background-position":"center center","background-size":"auto","background-attachment":"scroll","background-type":"","background-media":"","overlay-type":"","overlay-color":"","overlay-opacity":"","overlay-gradient":""},"tablet":{"background-color":"","background-image":"","background-repeat":"repeat","background-position":"center center","background-size":"auto","background-attachment":"scroll","background-type":"","background-media":"","overlay-type":"","overlay-color":"","overlay-opacity":"","overlay-gradient":""},"mobile":{"background-color":"","background-image":"","background-repeat":"repeat","background-position":"center center","background-size":"auto","background-attachment":"scroll","background-type":"","background-media":"","overlay-type":"","overlay-color":"","overlay-opacity":"","overlay-gradient":""}},"ast-content-background-meta":{"desktop":{"background-color":"var(--ast-global-color-5)","background-image":"","background-repeat":"repeat","background-position":"center center","background-size":"auto","background-attachment":"scroll","background-type":"","background-media":"","overlay-type":"","overlay-color":"","overlay-opacity":"","overlay-gradient":""},"tablet":{"background-color":"var(--ast-global-color-5)","background-image":"","background-repeat":"repeat","background-position":"center center","background-size":"auto","background-attachment":"scroll","background-type":"","background-media":"","overlay-type":"","overlay-color":"","overlay-opacity":"","overlay-gradient":""},"mobile":{"background-color":"var(--ast-global-color-5)","background-image":"","background-repeat":"repeat","background-position":"center center","background-size":"auto","background-attachment":"scroll","background-type":"","background-media":"","overlay-type":"","overlay-color":"","overlay-opacity":"","overlay-gradient":""}},"footnotes":""},"class_list":["post-746","page","type-page","status-publish","hentry"],"yoast_head":"<!-- This site is optimized with the Yoast SEO plugin v23.7 - https:\/\/yoast.com\/wordpress\/plugins\/seo\/ -->\n<title>Mentions Legales | Espace Nadeshiko<\/title>\n<meta name=\"description\" content=\"Vous souhaitez apprendre le japonais \u00e0 Paris 15\u00e8me ? Espace Nadeshiko vous propose des cours de japonais collectif, particulier et \u00e0 domicile de qualit\u00e9 !\" \/>\n<meta name=\"robots\" content=\"index, follow, max-snippet:-1, max-image-preview:large, max-video-preview:-1\" \/>\n<link rel=\"canonical\" href=\"https:\/\/espace-nadeshiko.fr\/fr\/mentions-legales\/\" \/>\n<meta property=\"og:locale\" content=\"ja_JP\" \/>\n<meta property=\"og:type\" content=\"article\" \/>\n<meta property=\"og:title\" content=\"Mentions Legales | Espace Nadeshiko\" \/>\n<meta property=\"og:description\" content=\"Vous souhaitez apprendre le japonais \u00e0 Paris 15\u00e8me ? Espace Nadeshiko vous propose des cours de japonais collectif, particulier et \u00e0 domicile de qualit\u00e9 !\" \/>\n<meta property=\"og:url\" content=\"https:\/\/espace-nadeshiko.fr\/fr\/mentions-legales\/\" \/>\n<meta property=\"og:site_name\" content=\"Espace Nadeshiko\" \/>\n<meta property=\"article:modified_time\" content=\"2021-04-07T11:01:02+00:00\" \/>\n<meta name=\"twitter:card\" content=\"summary_large_image\" \/>\n<meta name=\"twitter:label1\" content=\"\u63a8\u5b9a\u8aad\u307f\u53d6\u308a\u6642\u9593\" \/>\n\t<meta name=\"twitter:data1\" content=\"1\u5206\" \/>\n<script type=\"application\/ld+json\" class=\"yoast-schema-graph\">{\"@context\":\"https:\/\/schema.org\",\"@graph\":[{\"@type\":\"WebPage\",\"@id\":\"https:\/\/espace-nadeshiko.fr\/fr\/mentions-legales\/\",\"url\":\"https:\/\/espace-nadeshiko.fr\/fr\/mentions-legales\/\",\"name\":\"Mentions Legales | Espace Nadeshiko\",\"isPartOf\":{\"@id\":\"https:\/\/espace-nadeshiko.fr\/fr\/#website\"},\"datePublished\":\"2021-03-20T10:42:44+00:00\",\"dateModified\":\"2021-04-07T11:01:02+00:00\",\"description\":\"Vous souhaitez apprendre le japonais \u00e0 Paris 15\u00e8me ? Espace Nadeshiko vous propose des cours de japonais collectif, particulier et \u00e0 domicile de qualit\u00e9 !\",\"breadcrumb\":{\"@id\":\"https:\/\/espace-nadeshiko.fr\/fr\/mentions-legales\/#breadcrumb\"},\"inLanguage\":\"ja\",\"potentialAction\":[{\"@type\":\"ReadAction\",\"target\":[\"https:\/\/espace-nadeshiko.fr\/fr\/mentions-legales\/\"]}]},{\"@type\":\"BreadcrumbList\",\"@id\":\"https:\/\/espace-nadeshiko.fr\/fr\/mentions-legales\/#breadcrumb\",\"itemListElement\":[{\"@type\":\"ListItem\",\"position\":1,\"name\":\"Accueil\",\"item\":\"https:\/\/espace-nadeshiko.fr\/fr\/\"},{\"@type\":\"ListItem\",\"position\":2,\"name\":\"Mentions Legales\"}]},{\"@type\":\"WebSite\",\"@id\":\"https:\/\/espace-nadeshiko.fr\/fr\/#website\",\"url\":\"https:\/\/espace-nadeshiko.fr\/fr\/\",\"name\":\"Espace Nadeshiko\",\"description\":\"Ateliers de culture du Japon et cours de Japonais \u00e0 Paris 15\",\"publisher\":{\"@id\":\"https:\/\/espace-nadeshiko.fr\/fr\/#\/schema\/person\/9af6cd0f8dca9bfb0b78562d0d221969\"},\"potentialAction\":[{\"@type\":\"SearchAction\",\"target\":{\"@type\":\"EntryPoint\",\"urlTemplate\":\"https:\/\/espace-nadeshiko.fr\/fr\/?s={search_term_string}\"},\"query-input\":{\"@type\":\"PropertyValueSpecification\",\"valueRequired\":true,\"valueName\":\"search_term_string\"}}],\"inLanguage\":\"ja\"},{\"@type\":[\"Person\",\"Organization\"],\"@id\":\"https:\/\/espace-nadeshiko.fr\/fr\/#\/schema\/person\/9af6cd0f8dca9bfb0b78562d0d221969\",\"name\":\"Nadeshiko\",\"image\":{\"@type\":\"ImageObject\",\"inLanguage\":\"ja\",\"@id\":\"https:\/\/espace-nadeshiko.fr\/fr\/#\/schema\/person\/image\/\",\"url\":\"https:\/\/espace-nadeshiko.fr\/fr\/wp-content\/uploads\/2021\/03\/logo-nadeshiko-860.png\",\"contentUrl\":\"https:\/\/espace-nadeshiko.fr\/fr\/wp-content\/uploads\/2021\/03\/logo-nadeshiko-860.png\",\"width\":860,\"height\":162,\"caption\":\"Nadeshiko\"},\"logo\":{\"@id\":\"https:\/\/espace-nadeshiko.fr\/fr\/#\/schema\/person\/image\/\"},\"sameAs\":[\"https:\/\/espace-nadeshiko.fr\/fr\"]}]}<\/script>\n<!-- \/ Yoast SEO plugin. -->","yoast_head_json":{"title":"Mentions Legales | Espace Nadeshiko","description":"Vous souhaitez apprendre le japonais \u00e0 Paris 15\u00e8me ? Espace Nadeshiko vous propose des cours de japonais collectif, particulier et \u00e0 domicile de qualit\u00e9 !","robots":{"index":"index","follow":"follow","max-snippet":"max-snippet:-1","max-image-preview":"max-image-preview:large","max-video-preview":"max-video-preview:-1"},"canonical":"https:\/\/espace-nadeshiko.fr\/fr\/mentions-legales\/","og_locale":"ja_JP","og_type":"article","og_title":"Mentions Legales | Espace Nadeshiko","og_description":"Vous souhaitez apprendre le japonais \u00e0 Paris 15\u00e8me ? Espace Nadeshiko vous propose des cours de japonais collectif, particulier et \u00e0 domicile de qualit\u00e9 !","og_url":"https:\/\/espace-nadeshiko.fr\/fr\/mentions-legales\/","og_site_name":"Espace Nadeshiko","article_modified_time":"2021-04-07T11:01:02+00:00","twitter_card":"summary_large_image","twitter_misc":{"\u63a8\u5b9a\u8aad\u307f\u53d6\u308a\u6642\u9593":"1\u5206"},"schema":{"@context":"https:\/\/schema.org","@graph":[{"@type":"WebPage","@id":"https:\/\/espace-nadeshiko.fr\/fr\/mentions-legales\/","url":"https:\/\/espace-nadeshiko.fr\/fr\/mentions-legales\/","name":"Mentions Legales | Espace Nadeshiko","isPartOf":{"@id":"https:\/\/espace-nadeshiko.fr\/fr\/#website"},"datePublished":"2021-03-20T10:42:44+00:00","dateModified":"2021-04-07T11:01:02+00:00","description":"Vous souhaitez apprendre le japonais \u00e0 Paris 15\u00e8me ? Espace Nadeshiko vous propose des cours de japonais collectif, particulier et \u00e0 domicile de qualit\u00e9 !","breadcrumb":{"@id":"https:\/\/espace-nadeshiko.fr\/fr\/mentions-legales\/#breadcrumb"},"inLanguage":"ja","potentialAction":[{"@type":"ReadAction","target":["https:\/\/espace-nadeshiko.fr\/fr\/mentions-legales\/"]}]},{"@type":"BreadcrumbList","@id":"https:\/\/espace-nadeshiko.fr\/fr\/mentions-legales\/#breadcrumb","itemListElement":[{"@type":"ListItem","position":1,"name":"Accueil","item":"https:\/\/espace-nadeshiko.fr\/fr\/"},{"@type":"ListItem","position":2,"name":"Mentions Legales"}]},{"@type":"WebSite","@id":"https:\/\/espace-nadeshiko.fr\/fr\/#website","url":"https:\/\/espace-nadeshiko.fr\/fr\/","name":"Espace Nadeshiko","description":"Ateliers de culture du Japon et cours de Japonais \u00e0 Paris 15","publisher":{"@id":"https:\/\/espace-nadeshiko.fr\/fr\/#\/schema\/person\/9af6cd0f8dca9bfb0b78562d0d221969"},"potentialAction":[{"@type":"SearchAction","target":{"@type":"EntryPoint","urlTemplate":"https:\/\/espace-nadeshiko.fr\/fr\/?s={search_term_string}"},"query-input":{"@type":"PropertyValueSpecification","valueRequired":true,"valueName":"search_term_string"}}],"inLanguage":"ja"},{"@type":["Person","Organization"],"@id":"https:\/\/espace-nadeshiko.fr\/fr\/#\/schema\/person\/9af6cd0f8dca9bfb0b78562d0d221969","name":"Nadeshiko","image":{"@type":"ImageObject","inLanguage":"ja","@id":"https:\/\/espace-nadeshiko.fr\/fr\/#\/schema\/person\/image\/","url":"https:\/\/espace-nadeshiko.fr\/fr\/wp-content\/uploads\/2021\/03\/logo-nadeshiko-860.png","contentUrl":"https:\/\/espace-nadeshiko.fr\/fr\/wp-content\/uploads\/2021\/03\/logo-nadeshiko-860.png","width":860,"height":162,"caption":"Nadeshiko"},"logo":{"@id":"https:\/\/espace-nadeshiko.fr\/fr\/#\/schema\/person\/image\/"},"sameAs":["https:\/\/espace-nadeshiko.fr\/fr"]}]}},"_links":{"self":[{"href":"https:\/\/espace-nadeshiko.fr\/fr\/wp-json\/wp\/v2\/pages\/746"}],"collection":[{"href":"https:\/\/espace-nadeshiko.fr\/fr\/wp-json\/wp\/v2\/pages"}],"about":[{"href":"https:\/\/espace-nadeshiko.fr\/fr\/wp-json\/wp\/v2\/types\/page"}],"author":[{"embeddable":true,"href":"https:\/\/espace-nadeshiko.fr\/fr\/wp-json\/wp\/v2\/users\/2"}],"replies":[{"embeddable":true,"href":"https:\/\/espace-nadeshiko.fr\/fr\/wp-json\/wp\/v2\/comments?post=746"}],"version-history":[{"count":19,"href":"https:\/\/espace-nadeshiko.fr\/fr\/wp-json\/wp\/v2\/pages\/746\/revisions"}],"predecessor-version":[{"id":1203,"href":"https:\/\/espace-nadeshiko.fr\/fr\/wp-json\/wp\/v2\/pages\/746\/revisions\/1203"}],"wp:attachment":[{"href":"https:\/\/espace-nadeshiko.fr\/fr\/wp-json\/wp\/v2\/media?parent=746"}],"curies":[{"name":"wp","href":"https:\/\/api.w.org\/{rel}","templated":true}]}}